{"id":218,"date":"2025-03-26T21:10:06","date_gmt":"2025-03-27T00:10:06","guid":{"rendered":"http:\/\/www.cisleste.mg.gov.br\/portal\/?page_id=218"},"modified":"2025-03-26T21:23:25","modified_gmt":"2025-03-27T00:23:25","slug":"apresentacao","status":"publish","type":"page","link":"http:\/\/www.cisleste.mg.gov.br\/portal\/apresentacao\/","title":{"rendered":"Apresenta\u00e7\u00e3o"},"content":{"rendered":"\n<p>O Cons\u00f3rcio Intermunicipal de Sa\u00fade da Mata Leste (CISLESTE) \u00e9 uma parceria essencial para os 21 munic\u00edpios que o comp\u00f5em. Nossa miss\u00e3o \u00e9 fortalecer o Sistema \u00danico de Sa\u00fade (SUS) na regi\u00e3o, atuando na complementa\u00e7\u00e3o dos servi\u00e7os de m\u00e9dia complexidade, como a oferta de exames e consultas especializadas.<\/p>\n\n\n\n<figure class=\"wp-block-image size-full\"><img fetchpriority=\"high\" decoding=\"async\" width=\"900\" height=\"600\" src=\"http:\/\/www.cisleste.mg.gov.br\/portal\/wp-content\/uploads\/2025\/03\/Imagem-do-WhatsApp-de-2025-03-21-as-16.55.14_349890eb.jpg\" alt=\"\" class=\"wp-image-152\" srcset=\"http:\/\/www.cisleste.mg.gov.br\/portal\/wp-content\/uploads\/2025\/03\/Imagem-do-WhatsApp-de-2025-03-21-as-16.55.14_349890eb.jpg 900w, http:\/\/www.cisleste.mg.gov.br\/portal\/wp-content\/uploads\/2025\/03\/Imagem-do-WhatsApp-de-2025-03-21-as-16.55.14_349890eb-300x200.jpg 300w, http:\/\/www.cisleste.mg.gov.br\/portal\/wp-content\/uploads\/2025\/03\/Imagem-do-WhatsApp-de-2025-03-21-as-16.55.14_349890eb-768x512.jpg 768w\" sizes=\"(max-width: 900px) 100vw, 900px\" \/><\/figure>\n\n\n\n<p>Com personalidade jur\u00eddica p\u00fablica, o CISLESTE se guia pelos princ\u00edpios fundamentais do SUS: universalidade, integralidade e equidade. Buscamos, em colabora\u00e7\u00e3o com as prefeituras conveniadas, identificar lacunas na assist\u00eancia, atender \u00e0s necessidades mais urgentes e garantir a resolu\u00e7\u00e3o eficaz dos casos que nos s\u00e3o encaminhados.<\/p>\n\n\n\n<p>Atendemos a uma popula\u00e7\u00e3o total de 321.447 habitantes, promovendo o acesso \u00e0 sa\u00fade de qualidade para todos os cidad\u00e3os da Mata Leste, contribuindo para o bem-estar e a qualidade de vida da nossa comunidade.<\/p>\n","protected":false},"excerpt":{"rendered":"<p>O Cons\u00f3rcio Intermunicipal de Sa\u00fade da Mata Leste (CISLESTE) \u00e9 uma parceria essencial para os 21 munic\u00edpios que o comp\u00f5em. Nossa miss\u00e3o \u00e9 fortalecer o Sistema \u00danico de Sa\u00fade (SUS) na regi\u00e3o, atuando na complementa\u00e7\u00e3o dos servi\u00e7os de m\u00e9dia complexidade, como a oferta de exames e consultas especializadas. Com personalidade jur\u00eddica p\u00fablica, o CISLESTE se [&hellip;]<\/p>\n","protected":false},"author":1,"featured_media":0,"parent":0,"menu_order":0,"comment_status":"closed","ping_status":"closed","template":"","meta":{"_eb_attr":"","_joinchat":[],"footnotes":""},"class_list":["post-218","page","type-page","status-publish","hentry"],"_links":{"self":[{"href":"http:\/\/www.cisleste.mg.gov.br\/portal\/wp-json\/wp\/v2\/pages\/218","targetHints":{"allow":["GET"]}}],"collection":[{"href":"http:\/\/www.cisleste.mg.gov.br\/portal\/wp-json\/wp\/v2\/pages"}],"about":[{"href":"http:\/\/www.cisleste.mg.gov.br\/portal\/wp-json\/wp\/v2\/types\/page"}],"author":[{"embeddable":true,"href":"http:\/\/www.cisleste.mg.gov.br\/portal\/wp-json\/wp\/v2\/users\/1"}],"replies":[{"embeddable":true,"href":"http:\/\/www.cisleste.mg.gov.br\/portal\/wp-json\/wp\/v2\/comments?post=218"}],"version-history":[{"count":2,"href":"http:\/\/www.cisleste.mg.gov.br\/portal\/wp-json\/wp\/v2\/pages\/218\/revisions"}],"predecessor-version":[{"id":225,"href":"http:\/\/www.cisleste.mg.gov.br\/portal\/wp-json\/wp\/v2\/pages\/218\/revisions\/225"}],"wp:attachment":[{"href":"http:\/\/www.cisleste.mg.gov.br\/portal\/wp-json\/wp\/v2\/media?parent=218"}],"curies":[{"name":"wp","href":"https:\/\/api.w.org\/{rel}","templated":true}]}}