{"id":587,"date":"2025-05-06T19:56:25","date_gmt":"2025-05-06T22:56:25","guid":{"rendered":"http:\/\/www.cisleste.mg.gov.br\/portal\/?page_id=587"},"modified":"2026-01-29T15:27:31","modified_gmt":"2026-01-29T18:27:31","slug":"processo-seletivo","status":"publish","type":"page","link":"http:\/\/www.cisleste.mg.gov.br\/portal\/processo-seletivo\/","title":{"rendered":"Processo Seletivo"},"content":{"rendered":"<ul>\n<li><strong>EDITAL N\u00ba 003\/2025 &#8211; PROCESSO SELETIVO P\u00daBLICO SIMPLIFICADO<br \/>\n<\/strong><a href=\"http:\/\/www.cisleste.mg.gov.br\/portal\/wp-content\/uploads\/2025\/09\/EDITAL-No-003-2025_PROCESSO-SELETIVO-PUBLICO-SIMPLIFICADO-PARA-CONTRATACAO-TEMPORARIA-POR-EXCEPCIONAL-INTERESSE-PUBLICO-DE-PROVAS-E-DE-TITULOS-2.pdf\">EDITAL N\u00ba 003\/2025<\/a><br \/>\n<a href=\"http:\/\/www.cisleste.mg.gov.br\/portal\/wp-content\/uploads\/2025\/09\/LISTA-DE-INSCRITOS.pdf\">LISTA DE INSCRITOS<\/a><br \/>\n<a href=\"http:\/\/www.cisleste.mg.gov.br\/portal\/wp-content\/uploads\/2025\/09\/COMUNICADO-LOCAL-DE-PROVA.pdf\">COMUNICADO LOCAL DE PROVA<\/a><br \/>\n<a href=\"http:\/\/www.cisleste.mg.gov.br\/portal\/wp-content\/uploads\/2025\/09\/GABARITO-FINAL-PROCESSO-SELETIVO-PUBLICO-SIMPLIFICADO-No-003-2025.pdf\">GABARITO FINAL<\/a><br \/>\n<a href=\"http:\/\/www.cisleste.mg.gov.br\/portal\/wp-content\/uploads\/2025\/09\/CADERNO_DE_QUESTOES_AUXILIAR_ADMINISTRATIVO-I.pdf\">CADERNO_DE_QUEST\u00d5ES_AUXILIAR_ADMINISTRATIVO I<\/a><br \/>\n<a href=\"http:\/\/www.cisleste.mg.gov.br\/portal\/wp-content\/uploads\/2025\/09\/CADERNO_DE_QUESTOES_REFERENCIA_TECNICA_EM_NORMAS_TECNICAS_E_REGULAMENTOS_DE_VIGILANCIA_SANITARIA.pdf\">CADERNO_DE_QUEST\u00d5ES_REFER\u00caNCIA_T\u00c9CNICA_EM_NORMAS_T\u00c9CNICAS_E_REGULAMENTOS_DE_VIGIL\u00c2NCIA_SANIT\u00c1RIA<\/a><br \/>\n<a href=\"http:\/\/www.cisleste.mg.gov.br\/portal\/wp-content\/uploads\/2025\/09\/CADERNO_DE_QUESTOES_REFERENCIA_TECNICA_NA_REDE_DE_VIGILANCIA_LABORATORIAL.pdf\">CADERNO_DE_QUEST\u00d5ES_REFER\u00caNCIA_T\u00c9CNICA_NA_REDE_DE_VIGIL\u00c2NCIA_LABORATORIAL<\/a><br \/>\n<a href=\"http:\/\/www.cisleste.mg.gov.br\/portal\/wp-content\/uploads\/2025\/09\/RESULTADO_PROVA_TEORICA_-_003-2025.pdf\">RESULTADO_PROVA_TE\u00d3RICA<\/a><br \/>\n<a href=\"http:\/\/www.cisleste.mg.gov.br\/portal\/wp-content\/uploads\/2025\/09\/Recurso-Prova-Teorica.pdf\">Recurso Prova Te\u00f3rica<\/a><br \/>\n<a href=\"http:\/\/www.cisleste.mg.gov.br\/portal\/wp-content\/uploads\/2025\/09\/RESPOSTA-RECURSO-PROVIMENTO-PARCIAL.pdf\">RESPOSTA RECURSO PROVIMENTO PARCIAL<\/a><br \/>\n<a href=\"http:\/\/www.cisleste.mg.gov.br\/portal\/wp-content\/uploads\/2025\/09\/GABARITO-FINAL.pdf\">GABARITO FINAL<\/a><br \/>\n<a href=\"http:\/\/www.cisleste.mg.gov.br\/portal\/wp-content\/uploads\/2025\/09\/RESULTADO-PROVA-TEORICA-FINAL.pdf\">RESULTADO PROVA TE\u00d3RICA FINAL<\/a><br \/>\n<a href=\"http:\/\/www.cisleste.mg.gov.br\/portal\/wp-content\/uploads\/2025\/09\/CONVOCACAO-AVALIACAO-PESSOAL.pdf\">CONVOCA\u00c7\u00c3O AVALIA\u00c7\u00c3O PESSOAL<\/a><br \/>\n<a href=\"http:\/\/www.cisleste.mg.gov.br\/portal\/wp-content\/uploads\/2025\/09\/RESULTADO-DA-AVALIACAO-PESSOAL.pdf\">RESULTADO DA AVALIA\u00c7\u00c3O PESSOAL<\/a><br \/>\n<a href=\"http:\/\/www.cisleste.mg.gov.br\/portal\/wp-content\/uploads\/2025\/09\/RESULTADO-DA-AVALIACAO-PESSOAL-FINAL.pdf\">RESULTADO DA AVALIA\u00c7\u00c3O PESSOAL FINAL<\/a><br \/>\n<a href=\"http:\/\/www.cisleste.mg.gov.br\/portal\/wp-content\/uploads\/2025\/09\/RESULTADO-FINAL.pdf\">RESULTADO FINAL<\/a><br \/>\n<a href=\"http:\/\/www.cisleste.mg.gov.br\/portal\/wp-content\/uploads\/2025\/09\/HOMOLOGACAO.pdf\">HOMOLOGA\u00c7\u00c3O<\/a><br \/>\n<a href=\"http:\/\/www.cisleste.mg.gov.br\/portal\/wp-content\/uploads\/2025\/10\/ATO-CONVOCATORIO-Amanda-de-Melo-Goncalves.pdf\">ATO CONVOCAT\u00d3RIO-Amanda de Melo Gon\u00e7alves<\/a><\/li>\n<\/ul>\n<ul>\n<li><strong>EDITAL N\u00ba 002\/2025 &#8211; Processo Seletivo P\u00fablico Simplificado<\/strong><br \/>\n<a href=\"http:\/\/www.cisleste.mg.gov.br\/portal\/wp-content\/uploads\/2025\/04\/EDITAL_No_002_2025_PROCESSO_SELETIVO_PUBLICO_SIMPLIFICADO_VISA_CIS-1.pdf\">EDITAL PROCESSO SELETIVO P\u00daBLICO SIMPLIFICADO VISA CIS<\/a><br \/>\n<a href=\"http:\/\/www.cisleste.mg.gov.br\/portal\/wp-content\/uploads\/2025\/05\/CODIGO-SANITARIO-CONSORCIADO.pdf\">C\u00d3DIGO SANIT\u00c1RIO CONSORCIADO<\/a><br \/>\n<a href=\"http:\/\/www.cisleste.mg.gov.br\/portal\/wp-content\/uploads\/2025\/05\/EDITAL-No-002_2025_LISTA_INSCRITOS.pdf\">LISTA DE INSCRITOS<\/a><br \/>\n<a href=\"http:\/\/www.cisleste.mg.gov.br\/portal\/wp-content\/uploads\/2025\/05\/EDITAL-No002-2025-COMUNICADO-LOCAL-DE-PROVA.pdf\">COMUNICADO LOCAL DE PROVA<\/a><br \/>\n<a href=\"http:\/\/www.cisleste.mg.gov.br\/portal\/wp-content\/uploads\/2025\/05\/EDITAL-No-002-2025-1a-RETIFICACAO.pdf\">EDITAL N\u00ba 002 2025 1\u00aa RETIFICA\u00c7\u00c3O<\/a><br \/>\n<a href=\"http:\/\/www.cisleste.mg.gov.br\/portal\/wp-content\/uploads\/2025\/05\/GABARITO-FINAL_PROCESSO-SELETIVO-PUBLICO-SIMPLIFICADO-No-002_2025.pdf\">GABARITO FINAL PROCESSO SELETIVO P\u00daBLICO SIMPLIFICADO N\u00ba 002 2025<\/a><br \/>\n<a href=\"http:\/\/www.cisleste.mg.gov.br\/portal\/wp-content\/uploads\/2025\/05\/RESULTADO-PROVA-TEORICA.pdf\">RESULTADO PROVA TE\u00d3RICA<\/a><br \/>\n<a href=\"http:\/\/www.cisleste.mg.gov.br\/portal\/wp-content\/uploads\/2025\/05\/RESULTADO_FINAL_PROVA_TEORICA.pdf\">RESULTADO FINAL PROVA TE\u00d3RICA<\/a><br \/>\n<a href=\"http:\/\/www.cisleste.mg.gov.br\/portal\/wp-content\/uploads\/2025\/05\/CONVOCACAO_AVALIACAO_PESSOAL.pdf\">CONVOCA\u00c7\u00c3O AVALIA\u00c7\u00c3O PESSOAL<\/a><br \/>\n<a href=\"http:\/\/www.cisleste.mg.gov.br\/portal\/wp-content\/uploads\/2025\/05\/RESULTADO-DA-AVALIACAO-PESSOAL-02-2025-PROCESSO-SELETIVO-PUBLICO-SIMPLIFICADO-VISA-CIS.pdf\">RESULTADO DA AVALIA\u00c7\u00c3O PESSOAL <\/a><br \/>\n<a href=\"http:\/\/www.cisleste.mg.gov.br\/portal\/wp-content\/uploads\/2025\/05\/RESULTADO-FINAL_02_2025_PROCESSO-SELETIVO-PUBLICO-SIMPLIFICADO-VISA-CIS.pdf\">RESULTADO FINAL PROCESSO SELETIVO P\u00daBLICO SIMPLIFICADO VISA CIS<\/a><br \/>\n<a href=\"http:\/\/www.cisleste.mg.gov.br\/portal\/wp-content\/uploads\/2025\/05\/PORTARIA_009_2025_HOMOLOGACAO.pdf\">HOMOLOGA\u00c7\u00c3O<\/a><br \/>\n<a href=\"http:\/\/www.cisleste.mg.gov.br\/portal\/wp-content\/uploads\/2025\/05\/ATO-CONVOCATORIO-ISADORA-DE-SALES-BRAZ.pdf\">ATO CONVOCAT\u00d3RIO-ISADORA DE SALES BRAZ<\/a><br \/>\n<a href=\"http:\/\/www.cisleste.mg.gov.br\/portal\/wp-content\/uploads\/2025\/05\/ATO-CONVOCATORIO-LETICIA-DE-SOUZA.pdf\">ATO CONVOCAT\u00d3RIO-LETICIA DE SOUZA<\/a><br \/>\n<a href=\"http:\/\/www.cisleste.mg.gov.br\/portal\/wp-content\/uploads\/2025\/05\/ATO-CONVOCATORIO-ISADORA-HENRIQUES-FLORES-1.pdf\">ATO CONVOCAT\u00d3RIO-ISADORA HENRIQUES FLORES<\/a><\/li>\n<\/ul>\n","protected":false},"excerpt":{"rendered":"<p>EDITAL N\u00ba 003\/2025 &#8211; PROCESSO SELETIVO P\u00daBLICO SIMPLIFICADO EDITAL N\u00ba 003\/2025 LISTA DE INSCRITOS COMUNICADO LOCAL DE PROVA GABARITO FINAL CADERNO_DE_QUEST\u00d5ES_AUXILIAR_ADMINISTRATIVO I CADERNO_DE_QUEST\u00d5ES_REFER\u00caNCIA_T\u00c9CNICA_EM_NORMAS_T\u00c9CNICAS_E_REGULAMENTOS_DE_VIGIL\u00c2NCIA_SANIT\u00c1RIA CADERNO_DE_QUEST\u00d5ES_REFER\u00caNCIA_T\u00c9CNICA_NA_REDE_DE_VIGIL\u00c2NCIA_LABORATORIAL RESULTADO_PROVA_TE\u00d3RICA Recurso Prova Te\u00f3rica RESPOSTA RECURSO PROVIMENTO PARCIAL GABARITO FINAL RESULTADO PROVA TE\u00d3RICA FINAL CONVOCA\u00c7\u00c3O AVALIA\u00c7\u00c3O PESSOAL RESULTADO DA AVALIA\u00c7\u00c3O PESSOAL RESULTADO DA AVALIA\u00c7\u00c3O PESSOAL FINAL RESULTADO FINAL HOMOLOGA\u00c7\u00c3O ATO CONVOCAT\u00d3RIO-Amanda [&hellip;]<\/p>\n","protected":false},"author":1,"featured_media":0,"parent":0,"menu_order":0,"comment_status":"closed","ping_status":"closed","template":"","meta":{"_eb_attr":"","_joinchat":[],"footnotes":""},"class_list":["post-587","page","type-page","status-publish","hentry"],"_links":{"self":[{"href":"http:\/\/www.cisleste.mg.gov.br\/portal\/wp-json\/wp\/v2\/pages\/587","targetHints":{"allow":["GET"]}}],"collection":[{"href":"http:\/\/www.cisleste.mg.gov.br\/portal\/wp-json\/wp\/v2\/pages"}],"about":[{"href":"http:\/\/www.cisleste.mg.gov.br\/portal\/wp-json\/wp\/v2\/types\/page"}],"author":[{"embeddable":true,"href":"http:\/\/www.cisleste.mg.gov.br\/portal\/wp-json\/wp\/v2\/users\/1"}],"replies":[{"embeddable":true,"href":"http:\/\/www.cisleste.mg.gov.br\/portal\/wp-json\/wp\/v2\/comments?post=587"}],"version-history":[{"count":41,"href":"http:\/\/www.cisleste.mg.gov.br\/portal\/wp-json\/wp\/v2\/pages\/587\/revisions"}],"predecessor-version":[{"id":1293,"href":"http:\/\/www.cisleste.mg.gov.br\/portal\/wp-json\/wp\/v2\/pages\/587\/revisions\/1293"}],"wp:attachment":[{"href":"http:\/\/www.cisleste.mg.gov.br\/portal\/wp-json\/wp\/v2\/media?parent=587"}],"curies":[{"name":"wp","href":"https:\/\/api.w.org\/{rel}","templated":true}]}}